{"id":8467,"date":"2019-07-09T11:02:30","date_gmt":"2019-07-09T11:02:30","guid":{"rendered":"https:\/\/dulcinee.org\/?page_id=8467"},"modified":"2022-05-11T20:20:04","modified_gmt":"2022-05-11T20:20:04","slug":"repertoire","status":"publish","type":"page","link":"https:\/\/dulcinee.org\/fr\/repertoire\/","title":{"rendered":"R\u00e9pertoire"},"content":{"rendered":"\t\t<div data-elementor-type=\"wp-post\" data-elementor-id=\"8467\" class=\"elementor elementor-8467 elementor-8466\" data-elementor-post-type=\"page\">\n\t\t\t\t\t\t<section class=\"elementor-section elementor-top-section elementor-element elementor-element-509c5d1 elementor-section-full_width elementor-section-content-middle elementor-section-height-default elementor-section-height-default\" data-id=\"509c5d1\" data-element_type=\"section\" data-settings=\"{&quot;background_background&quot;:&quot;classic&quot;}\">\n\t\t\t\t\t\t<div class=\"elementor-container elementor-column-gap-default\">\n\t\t\t\t\t<div class=\"elementor-column elementor-col-100 elementor-top-column elementor-element elementor-element-2cd2731\" data-id=\"2cd2731\" data-element_type=\"column\">\n\t\t\t<div class=\"elementor-widget-wrap elementor-element-populated\">\n\t\t\t\t\t\t<div class=\"elementor-element elementor-element-9109674 elementor-grid-4 elementor-grid-tablet-2 elementor-grid-mobile-1 elementor-widget elementor-widget-portfolio\" data-id=\"9109674\" data-element_type=\"widget\" data-settings=\"{&quot;columns&quot;:&quot;4&quot;,&quot;item_ratio&quot;:{&quot;unit&quot;:&quot;px&quot;,&quot;size&quot;:0.8,&quot;sizes&quot;:[]},&quot;row_gap&quot;:{&quot;unit&quot;:&quot;px&quot;,&quot;size&quot;:10,&quot;sizes&quot;:[]},&quot;columns_tablet&quot;:&quot;2&quot;,&quot;columns_mobile&quot;:&quot;1&quot;,&quot;item_gap&quot;:{&quot;unit&quot;:&quot;px&quot;,&quot;size&quot;:&quot;&quot;,&quot;sizes&quot;:[]}}\" data-widget_type=\"portfolio.default\">\n\t\t\t\t<div class=\"elementor-widget-container\">\n\t\t\t\t\t\t\t<div class=\"elementor-portfolio elementor-grid elementor-posts-container\">\n\t\t\t\t<article class=\"elementor-portfolio-item elementor-post  post-9582 page type-page status-publish has-post-thumbnail hentry\">\n\t\t\t<a class=\"elementor-post__thumbnail__link\" href=\"https:\/\/dulcinee.org\/fr\/victoria-le-film\/\">\n\t\t\t\t<div class=\"elementor-portfolio-item__img elementor-post__thumbnail\">\n\t\t\t<img fetchpriority=\"high\" decoding=\"async\" width=\"1920\" height=\"1080\" src=\"https:\/\/dulcinee.org\/wp-content\/uploads\/espiegle.jpg\" class=\"attachment-full size-full wp-image-9424\" alt=\"\" srcset=\"https:\/\/dulcinee.org\/wp-content\/uploads\/espiegle.jpg 1920w, https:\/\/dulcinee.org\/wp-content\/uploads\/espiegle-300x169.jpg 300w, https:\/\/dulcinee.org\/wp-content\/uploads\/espiegle-1024x576.jpg 1024w, https:\/\/dulcinee.org\/wp-content\/uploads\/espiegle-768x432.jpg 768w, https:\/\/dulcinee.org\/wp-content\/uploads\/espiegle-1536x864.jpg 1536w\" sizes=\"(max-width: 1920px) 100vw, 1920px\" \/>\t\t<\/div>\n\t\t\t\t<div class=\"elementor-portfolio-item__overlay\">\n\t\t\t\t<h1 class=\"elementor-portfolio-item__title\">\n\t\tVictoria, le film\t\t<\/h1>\n\t\t\t\t<\/div>\n\t\t\t\t<\/a>\n\t\t<\/article>\n\t\t\t\t<article class=\"elementor-portfolio-item elementor-post  post-9478 page type-page status-publish has-post-thumbnail hentry\">\n\t\t\t<a class=\"elementor-post__thumbnail__link\" href=\"https:\/\/dulcinee.org\/fr\/cercle-vicieux-nouvelle-generation\/\">\n\t\t\t\t<div class=\"elementor-portfolio-item__img elementor-post__thumbnail\">\n\t\t\t<img decoding=\"async\" width=\"1280\" height=\"720\" src=\"https:\/\/dulcinee.org\/wp-content\/uploads\/cercle_2_angelica-e1652300371684.png\" class=\"attachment-full size-full wp-image-9418\" alt=\"\" \/>\t\t<\/div>\n\t\t\t\t<div class=\"elementor-portfolio-item__overlay\">\n\t\t\t\t<h1 class=\"elementor-portfolio-item__title\">\n\t\tCercle vicieux: Nouvelle g\u00e9n\u00e9ration\t\t<\/h1>\n\t\t\t\t<\/div>\n\t\t\t\t<\/a>\n\t\t<\/article>\n\t\t\t\t<article class=\"elementor-portfolio-item elementor-post  post-7668 page type-page status-publish has-post-thumbnail hentry\">\n\t\t\t<a class=\"elementor-post__thumbnail__link\" href=\"https:\/\/dulcinee.org\/fr\/cheek-to-cheek\/\">\n\t\t\t\t<div class=\"elementor-portfolio-item__img elementor-post__thumbnail\">\n\t\t\t<img decoding=\"async\" width=\"1920\" height=\"1100\" src=\"https:\/\/dulcinee.org\/wp-content\/uploads\/2018\/04\/cheek-to-cheek_WhiteWigHiRes-1.jpg\" class=\"attachment-full size-full wp-image-6666\" alt=\"Cheek to cheek header\" srcset=\"https:\/\/dulcinee.org\/wp-content\/uploads\/2018\/04\/cheek-to-cheek_WhiteWigHiRes-1.jpg 1920w, https:\/\/dulcinee.org\/wp-content\/uploads\/2018\/04\/cheek-to-cheek_WhiteWigHiRes-1-300x172.jpg 300w, https:\/\/dulcinee.org\/wp-content\/uploads\/2018\/04\/cheek-to-cheek_WhiteWigHiRes-1-768x440.jpg 768w, https:\/\/dulcinee.org\/wp-content\/uploads\/2018\/04\/cheek-to-cheek_WhiteWigHiRes-1-1024x587.jpg 1024w, https:\/\/dulcinee.org\/wp-content\/uploads\/2018\/04\/cheek-to-cheek_WhiteWigHiRes-1-600x344.jpg 600w\" sizes=\"(max-width: 1920px) 100vw, 1920px\" \/>\t\t<\/div>\n\t\t\t\t<div class=\"elementor-portfolio-item__overlay\">\n\t\t\t\t<h1 class=\"elementor-portfolio-item__title\">\n\t\tCheek to Cheek &#8211; L&rsquo;amour avec un grand C\t\t<\/h1>\n\t\t\t\t<\/div>\n\t\t\t\t<\/a>\n\t\t<\/article>\n\t\t\t\t<article class=\"elementor-portfolio-item elementor-post  post-7696 page type-page status-publish has-post-thumbnail hentry\">\n\t\t\t<a class=\"elementor-post__thumbnail__link\" href=\"https:\/\/dulcinee.org\/fr\/victoria\/\">\n\t\t\t\t<div class=\"elementor-portfolio-item__img elementor-post__thumbnail\">\n\t\t\t<img loading=\"lazy\" decoding=\"async\" width=\"1920\" height=\"1100\" src=\"https:\/\/dulcinee.org\/wp-content\/uploads\/2019\/05\/Victoria-header.jpg\" class=\"attachment-full size-full wp-image-6843\" alt=\"Victoria sur chaise\" srcset=\"https:\/\/dulcinee.org\/wp-content\/uploads\/2019\/05\/Victoria-header.jpg 1920w, https:\/\/dulcinee.org\/wp-content\/uploads\/2019\/05\/Victoria-header-300x172.jpg 300w, https:\/\/dulcinee.org\/wp-content\/uploads\/2019\/05\/Victoria-header-768x440.jpg 768w, https:\/\/dulcinee.org\/wp-content\/uploads\/2019\/05\/Victoria-header-1024x587.jpg 1024w, https:\/\/dulcinee.org\/wp-content\/uploads\/2019\/05\/Victoria-header-600x344.jpg 600w\" sizes=\"(max-width: 1920px) 100vw, 1920px\" \/>\t\t<\/div>\n\t\t\t\t<div class=\"elementor-portfolio-item__overlay\">\n\t\t\t\t<h1 class=\"elementor-portfolio-item__title\">\n\t\tVictoria\t\t<\/h1>\n\t\t\t\t<\/div>\n\t\t\t\t<\/a>\n\t\t<\/article>\n\t\t\t\t<article class=\"elementor-portfolio-item elementor-post  post-7690 page type-page status-publish has-post-thumbnail hentry\">\n\t\t\t<a class=\"elementor-post__thumbnail__link\" href=\"https:\/\/dulcinee.org\/fr\/confidences-sur-loreiller\/\">\n\t\t\t\t<div class=\"elementor-portfolio-item__img elementor-post__thumbnail\">\n\t\t\t<img loading=\"lazy\" decoding=\"async\" width=\"1280\" height=\"800\" src=\"https:\/\/dulcinee.org\/wp-content\/uploads\/2018\/04\/Pillow-talk-yellow.png\" class=\"attachment-full size-full wp-image-6774\" alt=\"Confidences sur l&#039;oreiller bird\" srcset=\"https:\/\/dulcinee.org\/wp-content\/uploads\/2018\/04\/Pillow-talk-yellow.png 1280w, https:\/\/dulcinee.org\/wp-content\/uploads\/2018\/04\/Pillow-talk-yellow-300x188.png 300w, https:\/\/dulcinee.org\/wp-content\/uploads\/2018\/04\/Pillow-talk-yellow-768x480.png 768w, https:\/\/dulcinee.org\/wp-content\/uploads\/2018\/04\/Pillow-talk-yellow-1024x640.png 1024w, https:\/\/dulcinee.org\/wp-content\/uploads\/2018\/04\/Pillow-talk-yellow-600x375.png 600w\" sizes=\"(max-width: 1280px) 100vw, 1280px\" \/>\t\t<\/div>\n\t\t\t\t<div class=\"elementor-portfolio-item__overlay\">\n\t\t\t\t<h1 class=\"elementor-portfolio-item__title\">\n\t\tConfidences sur l&rsquo;oreiller, un essai sur les r\u00eaves\t\t<\/h1>\n\t\t\t\t<\/div>\n\t\t\t\t<\/a>\n\t\t<\/article>\n\t\t\t\t<article class=\"elementor-portfolio-item elementor-post  post-7676 page type-page status-publish has-post-thumbnail hentry\">\n\t\t\t<a class=\"elementor-post__thumbnail__link\" href=\"https:\/\/dulcinee.org\/fr\/la-complainte-de-dulcinee\/\">\n\t\t\t\t<div class=\"elementor-portfolio-item__img elementor-post__thumbnail\">\n\t\t\t<img loading=\"lazy\" decoding=\"async\" width=\"1920\" height=\"1100\" src=\"https:\/\/dulcinee.org\/wp-content\/uploads\/2018\/04\/Lament-header.jpg\" class=\"attachment-full size-full wp-image-6736\" alt=\"Complainte header\" srcset=\"https:\/\/dulcinee.org\/wp-content\/uploads\/2018\/04\/Lament-header.jpg 1920w, https:\/\/dulcinee.org\/wp-content\/uploads\/2018\/04\/Lament-header-300x172.jpg 300w, https:\/\/dulcinee.org\/wp-content\/uploads\/2018\/04\/Lament-header-768x440.jpg 768w, https:\/\/dulcinee.org\/wp-content\/uploads\/2018\/04\/Lament-header-1024x587.jpg 1024w, https:\/\/dulcinee.org\/wp-content\/uploads\/2018\/04\/Lament-header-600x344.jpg 600w\" sizes=\"(max-width: 1920px) 100vw, 1920px\" \/>\t\t<\/div>\n\t\t\t\t<div class=\"elementor-portfolio-item__overlay\">\n\t\t\t\t<h1 class=\"elementor-portfolio-item__title\">\n\t\tLa Complainte de Dulcin\u00e9e\t\t<\/h1>\n\t\t\t\t<\/div>\n\t\t\t\t<\/a>\n\t\t<\/article>\n\t\t\t\t<article class=\"elementor-portfolio-item elementor-post  post-7683 page type-page status-publish has-post-thumbnail hentry\">\n\t\t\t<a class=\"elementor-post__thumbnail__link\" href=\"https:\/\/dulcinee.org\/fr\/portait-dune-femme-avec-valise\/\">\n\t\t\t\t<div class=\"elementor-portfolio-item__img elementor-post__thumbnail\">\n\t\t\t<img loading=\"lazy\" decoding=\"async\" width=\"1967\" height=\"1495\" src=\"https:\/\/dulcinee.org\/wp-content\/uploads\/2018\/04\/Portait_woman_suitcase_Red.jpg\" class=\"attachment-full size-full wp-image-6780\" alt=\"Portrait d&#039;une femme avec valise\" srcset=\"https:\/\/dulcinee.org\/wp-content\/uploads\/2018\/04\/Portait_woman_suitcase_Red.jpg 1967w, https:\/\/dulcinee.org\/wp-content\/uploads\/2018\/04\/Portait_woman_suitcase_Red-300x228.jpg 300w, https:\/\/dulcinee.org\/wp-content\/uploads\/2018\/04\/Portait_woman_suitcase_Red-768x584.jpg 768w, https:\/\/dulcinee.org\/wp-content\/uploads\/2018\/04\/Portait_woman_suitcase_Red-1024x778.jpg 1024w, https:\/\/dulcinee.org\/wp-content\/uploads\/2018\/04\/Portait_woman_suitcase_Red-600x456.jpg 600w\" sizes=\"(max-width: 1967px) 100vw, 1967px\" \/>\t\t<\/div>\n\t\t\t\t<div class=\"elementor-portfolio-item__overlay\">\n\t\t\t\t<h1 class=\"elementor-portfolio-item__title\">\n\t\tPortait d&rsquo;une femme avec valise\t\t<\/h1>\n\t\t\t\t<\/div>\n\t\t\t\t<\/a>\n\t\t<\/article>\n\t\t\t\t<article class=\"elementor-portfolio-item elementor-post  post-7694 page type-page status-publish has-post-thumbnail hentry\">\n\t\t\t<a class=\"elementor-post__thumbnail__link\" href=\"https:\/\/dulcinee.org\/fr\/la-voisine\/\">\n\t\t\t\t<div class=\"elementor-portfolio-item__img elementor-post__thumbnail\">\n\t\t\t<img loading=\"lazy\" decoding=\"async\" width=\"1920\" height=\"1260\" src=\"https:\/\/dulcinee.org\/wp-content\/uploads\/2018\/04\/lady-next-door_Header.jpg\" class=\"attachment-full size-full wp-image-6716\" alt=\"lady next door header\" srcset=\"https:\/\/dulcinee.org\/wp-content\/uploads\/2018\/04\/lady-next-door_Header.jpg 1920w, https:\/\/dulcinee.org\/wp-content\/uploads\/2018\/04\/lady-next-door_Header-300x197.jpg 300w, https:\/\/dulcinee.org\/wp-content\/uploads\/2018\/04\/lady-next-door_Header-768x504.jpg 768w, https:\/\/dulcinee.org\/wp-content\/uploads\/2018\/04\/lady-next-door_Header-1024x672.jpg 1024w, https:\/\/dulcinee.org\/wp-content\/uploads\/2018\/04\/lady-next-door_Header-600x394.jpg 600w\" sizes=\"(max-width: 1920px) 100vw, 1920px\" \/>\t\t<\/div>\n\t\t\t\t<div class=\"elementor-portfolio-item__overlay\">\n\t\t\t\t<h1 class=\"elementor-portfolio-item__title\">\n\t\tLa voisine\t\t<\/h1>\n\t\t\t\t<\/div>\n\t\t\t\t<\/a>\n\t\t<\/article>\n\t\t\t\t<article class=\"elementor-portfolio-item elementor-post  post-7628 page type-page status-publish has-post-thumbnail hentry\">\n\t\t\t<a class=\"elementor-post__thumbnail__link\" href=\"https:\/\/dulcinee.org\/fr\/cercle-vicieux\/\">\n\t\t\t\t<div class=\"elementor-portfolio-item__img elementor-post__thumbnail\">\n\t\t\t<img loading=\"lazy\" decoding=\"async\" width=\"1920\" height=\"1100\" src=\"https:\/\/dulcinee.org\/wp-content\/uploads\/2018\/04\/cercle-vicieux-header-min.jpg\" class=\"attachment-full size-full wp-image-6656\" alt=\"Cercle vicieux\" srcset=\"https:\/\/dulcinee.org\/wp-content\/uploads\/2018\/04\/cercle-vicieux-header-min.jpg 1920w, https:\/\/dulcinee.org\/wp-content\/uploads\/2018\/04\/cercle-vicieux-header-min-300x172.jpg 300w, https:\/\/dulcinee.org\/wp-content\/uploads\/2018\/04\/cercle-vicieux-header-min-768x440.jpg 768w, https:\/\/dulcinee.org\/wp-content\/uploads\/2018\/04\/cercle-vicieux-header-min-1024x587.jpg 1024w, https:\/\/dulcinee.org\/wp-content\/uploads\/2018\/04\/cercle-vicieux-header-min-600x344.jpg 600w\" sizes=\"(max-width: 1920px) 100vw, 1920px\" \/>\t\t<\/div>\n\t\t\t\t<div class=\"elementor-portfolio-item__overlay\">\n\t\t\t\t<h1 class=\"elementor-portfolio-item__title\">\n\t\tCercle vicieux\t\t<\/h1>\n\t\t\t\t<\/div>\n\t\t\t\t<\/a>\n\t\t<\/article>\n\t\t\t\t<article class=\"elementor-portfolio-item elementor-post  post-7622 page type-page status-publish has-post-thumbnail hentry\">\n\t\t\t<a class=\"elementor-post__thumbnail__link\" href=\"https:\/\/dulcinee.org\/fr\/hockey-ok\/\">\n\t\t\t\t<div class=\"elementor-portfolio-item__img elementor-post__thumbnail\">\n\t\t\t<img loading=\"lazy\" decoding=\"async\" width=\"1920\" height=\"1100\" src=\"https:\/\/dulcinee.org\/wp-content\/uploads\/2018\/04\/hockey-ok-header.jpg\" class=\"attachment-full size-full wp-image-6702\" alt=\"Hockey? OK! t\u00eate\" srcset=\"https:\/\/dulcinee.org\/wp-content\/uploads\/2018\/04\/hockey-ok-header.jpg 1920w, https:\/\/dulcinee.org\/wp-content\/uploads\/2018\/04\/hockey-ok-header-300x172.jpg 300w, https:\/\/dulcinee.org\/wp-content\/uploads\/2018\/04\/hockey-ok-header-768x440.jpg 768w, https:\/\/dulcinee.org\/wp-content\/uploads\/2018\/04\/hockey-ok-header-1024x587.jpg 1024w, https:\/\/dulcinee.org\/wp-content\/uploads\/2018\/04\/hockey-ok-header-600x344.jpg 600w\" sizes=\"(max-width: 1920px) 100vw, 1920px\" \/>\t\t<\/div>\n\t\t\t\t<div class=\"elementor-portfolio-item__overlay\">\n\t\t\t\t<h1 class=\"elementor-portfolio-item__title\">\n\t\tHockey! OK?\t\t<\/h1>\n\t\t\t\t<\/div>\n\t\t\t\t<\/a>\n\t\t<\/article>\n\t\t\t\t<\/div>\n\t\t\t\t\t\t<\/div>\n\t\t\t\t<\/div>\n\t\t\t\t\t<\/div>\n\t\t<\/div>\n\t\t\t\t\t<\/div>\n\t\t<\/section>\n\t\t\t\t<\/div>\n\t\t","protected":false},"excerpt":{"rendered":"","protected":false},"author":7,"featured_media":0,"parent":0,"menu_order":0,"comment_status":"closed","ping_status":"closed","template":"elementor_header_footer","meta":{"footnotes":""},"class_list":["post-8467","page","type-page","status-publish","hentry"],"yoast_head":"<!-- This site is optimized with the Yoast SEO plugin v24.6 - https:\/\/yoast.com\/wordpress\/plugins\/seo\/ -->\n<title>R\u00e9pertoire | Dulcin\u00e9e Langfelder &amp; Cie<\/title>\n<meta name=\"description\" content=\"Une collection de spectacles de danse cr\u00e9\u00e9s par Dulcinea Langfelder.\" \/>\n<meta name=\"robots\" content=\"index, follow, max-snippet:-1, max-image-preview:large, max-video-preview:-1\" \/>\n<link rel=\"canonical\" href=\"https:\/\/dulcinee.org\/fr\/repertoire\/\" \/>\n<meta property=\"og:locale\" content=\"fr_FR\" \/>\n<meta property=\"og:type\" content=\"article\" \/>\n<meta property=\"og:title\" content=\"R\u00e9pertoire | Dulcin\u00e9e Langfelder &amp; Cie\" \/>\n<meta property=\"og:description\" content=\"Une collection de spectacles de danse cr\u00e9\u00e9s par Dulcinea Langfelder.\" \/>\n<meta property=\"og:url\" content=\"https:\/\/dulcinee.org\/fr\/repertoire\/\" \/>\n<meta property=\"og:site_name\" content=\"Dulcin\u00e9e Langfelder &amp; Cie\" \/>\n<meta property=\"article:publisher\" content=\"https:\/\/www.facebook.com\/dulcinee.org\/\" \/>\n<meta property=\"article:modified_time\" content=\"2022-05-11T20:20:04+00:00\" \/>\n<meta name=\"twitter:card\" content=\"summary_large_image\" \/>\n<script type=\"application\/ld+json\" class=\"yoast-schema-graph\">{\"@context\":\"https:\/\/schema.org\",\"@graph\":[{\"@type\":\"WebPage\",\"@id\":\"https:\/\/dulcinee.org\/fr\/repertoire\/\",\"url\":\"https:\/\/dulcinee.org\/fr\/repertoire\/\",\"name\":\"R\u00e9pertoire | Dulcin\u00e9e Langfelder &amp; Cie\",\"isPartOf\":{\"@id\":\"https:\/\/dulcinee.org\/fr\/#website\"},\"datePublished\":\"2019-07-09T11:02:30+00:00\",\"dateModified\":\"2022-05-11T20:20:04+00:00\",\"description\":\"Une collection de spectacles de danse cr\u00e9\u00e9s par Dulcinea Langfelder.\",\"breadcrumb\":{\"@id\":\"https:\/\/dulcinee.org\/fr\/repertoire\/#breadcrumb\"},\"inLanguage\":\"fr-FR\",\"potentialAction\":[{\"@type\":\"ReadAction\",\"target\":[\"https:\/\/dulcinee.org\/fr\/repertoire\/\"]}]},{\"@type\":\"BreadcrumbList\",\"@id\":\"https:\/\/dulcinee.org\/fr\/repertoire\/#breadcrumb\",\"itemListElement\":[{\"@type\":\"ListItem\",\"position\":1,\"name\":\"Home\",\"item\":\"https:\/\/dulcinee.org\/fr\/\"},{\"@type\":\"ListItem\",\"position\":2,\"name\":\"R\u00e9pertoire\"}]},{\"@type\":\"WebSite\",\"@id\":\"https:\/\/dulcinee.org\/fr\/#website\",\"url\":\"https:\/\/dulcinee.org\/fr\/\",\"name\":\"Dulcin\u00e9e Langfelder &amp; Cie\",\"description\":\"Dulcinea Langfelder &amp; Co. is a non-profit organization that creates and performs multidisciplinary shows.\",\"publisher\":{\"@id\":\"https:\/\/dulcinee.org\/fr\/#organization\"},\"potentialAction\":[{\"@type\":\"SearchAction\",\"target\":{\"@type\":\"EntryPoint\",\"urlTemplate\":\"https:\/\/dulcinee.org\/fr\/?s={search_term_string}\"},\"query-input\":{\"@type\":\"PropertyValueSpecification\",\"valueRequired\":true,\"valueName\":\"search_term_string\"}}],\"inLanguage\":\"fr-FR\"},{\"@type\":\"Organization\",\"@id\":\"https:\/\/dulcinee.org\/fr\/#organization\",\"name\":\"Dulcin\u00e9e Langfelder & Cie\",\"url\":\"https:\/\/dulcinee.org\/fr\/\",\"logo\":{\"@type\":\"ImageObject\",\"inLanguage\":\"fr-FR\",\"@id\":\"https:\/\/dulcinee.org\/fr\/#\/schema\/logo\/image\/\",\"url\":\"https:\/\/dulcinee.org\/wp-content\/uploads\/2018\/04\/Cloud-LOGO.png\",\"contentUrl\":\"https:\/\/dulcinee.org\/wp-content\/uploads\/2018\/04\/Cloud-LOGO.png\",\"width\":504,\"height\":284,\"caption\":\"Dulcin\u00e9e Langfelder & Cie\"},\"image\":{\"@id\":\"https:\/\/dulcinee.org\/fr\/#\/schema\/logo\/image\/\"},\"sameAs\":[\"https:\/\/www.facebook.com\/dulcinee.org\/\"]}]}<\/script>\n<!-- \/ Yoast SEO plugin. -->","yoast_head_json":{"title":"R\u00e9pertoire | Dulcin\u00e9e Langfelder &amp; Cie","description":"Une collection de spectacles de danse cr\u00e9\u00e9s par Dulcinea Langfelder.","robots":{"index":"index","follow":"follow","max-snippet":"max-snippet:-1","max-image-preview":"max-image-preview:large","max-video-preview":"max-video-preview:-1"},"canonical":"https:\/\/dulcinee.org\/fr\/repertoire\/","og_locale":"fr_FR","og_type":"article","og_title":"R\u00e9pertoire | Dulcin\u00e9e Langfelder &amp; Cie","og_description":"Une collection de spectacles de danse cr\u00e9\u00e9s par Dulcinea Langfelder.","og_url":"https:\/\/dulcinee.org\/fr\/repertoire\/","og_site_name":"Dulcin\u00e9e Langfelder &amp; Cie","article_publisher":"https:\/\/www.facebook.com\/dulcinee.org\/","article_modified_time":"2022-05-11T20:20:04+00:00","twitter_card":"summary_large_image","schema":{"@context":"https:\/\/schema.org","@graph":[{"@type":"WebPage","@id":"https:\/\/dulcinee.org\/fr\/repertoire\/","url":"https:\/\/dulcinee.org\/fr\/repertoire\/","name":"R\u00e9pertoire | Dulcin\u00e9e Langfelder &amp; Cie","isPartOf":{"@id":"https:\/\/dulcinee.org\/fr\/#website"},"datePublished":"2019-07-09T11:02:30+00:00","dateModified":"2022-05-11T20:20:04+00:00","description":"Une collection de spectacles de danse cr\u00e9\u00e9s par Dulcinea Langfelder.","breadcrumb":{"@id":"https:\/\/dulcinee.org\/fr\/repertoire\/#breadcrumb"},"inLanguage":"fr-FR","potentialAction":[{"@type":"ReadAction","target":["https:\/\/dulcinee.org\/fr\/repertoire\/"]}]},{"@type":"BreadcrumbList","@id":"https:\/\/dulcinee.org\/fr\/repertoire\/#breadcrumb","itemListElement":[{"@type":"ListItem","position":1,"name":"Home","item":"https:\/\/dulcinee.org\/fr\/"},{"@type":"ListItem","position":2,"name":"R\u00e9pertoire"}]},{"@type":"WebSite","@id":"https:\/\/dulcinee.org\/fr\/#website","url":"https:\/\/dulcinee.org\/fr\/","name":"Dulcin\u00e9e Langfelder &amp; Cie","description":"Dulcinea Langfelder &amp; Co. is a non-profit organization that creates and performs multidisciplinary shows.","publisher":{"@id":"https:\/\/dulcinee.org\/fr\/#organization"},"potentialAction":[{"@type":"SearchAction","target":{"@type":"EntryPoint","urlTemplate":"https:\/\/dulcinee.org\/fr\/?s={search_term_string}"},"query-input":{"@type":"PropertyValueSpecification","valueRequired":true,"valueName":"search_term_string"}}],"inLanguage":"fr-FR"},{"@type":"Organization","@id":"https:\/\/dulcinee.org\/fr\/#organization","name":"Dulcin\u00e9e Langfelder & Cie","url":"https:\/\/dulcinee.org\/fr\/","logo":{"@type":"ImageObject","inLanguage":"fr-FR","@id":"https:\/\/dulcinee.org\/fr\/#\/schema\/logo\/image\/","url":"https:\/\/dulcinee.org\/wp-content\/uploads\/2018\/04\/Cloud-LOGO.png","contentUrl":"https:\/\/dulcinee.org\/wp-content\/uploads\/2018\/04\/Cloud-LOGO.png","width":504,"height":284,"caption":"Dulcin\u00e9e Langfelder & Cie"},"image":{"@id":"https:\/\/dulcinee.org\/fr\/#\/schema\/logo\/image\/"},"sameAs":["https:\/\/www.facebook.com\/dulcinee.org\/"]}]}},"_links":{"self":[{"href":"https:\/\/dulcinee.org\/fr\/wp-json\/wp\/v2\/pages\/8467","targetHints":{"allow":["GET"]}}],"collection":[{"href":"https:\/\/dulcinee.org\/fr\/wp-json\/wp\/v2\/pages"}],"about":[{"href":"https:\/\/dulcinee.org\/fr\/wp-json\/wp\/v2\/types\/page"}],"author":[{"embeddable":true,"href":"https:\/\/dulcinee.org\/fr\/wp-json\/wp\/v2\/users\/7"}],"replies":[{"embeddable":true,"href":"https:\/\/dulcinee.org\/fr\/wp-json\/wp\/v2\/comments?post=8467"}],"version-history":[{"count":1,"href":"https:\/\/dulcinee.org\/fr\/wp-json\/wp\/v2\/pages\/8467\/revisions"}],"predecessor-version":[{"id":8469,"href":"https:\/\/dulcinee.org\/fr\/wp-json\/wp\/v2\/pages\/8467\/revisions\/8469"}],"wp:attachment":[{"href":"https:\/\/dulcinee.org\/fr\/wp-json\/wp\/v2\/media?parent=8467"}],"curies":[{"name":"wp","href":"https:\/\/api.w.org\/{rel}","templated":true}]}}